{"id":10608,"date":"2026-05-12T08:55:03","date_gmt":"2026-05-12T08:55:03","guid":{"rendered":"https:\/\/www.simonasesores.es\/?page_id=10608"},"modified":"2026-05-13T08:09:42","modified_gmt":"2026-05-13T08:09:42","slug":"aviso-legal","status":"publish","type":"page","link":"https:\/\/www.simonasesores.es\/index.php\/aviso-legal\/","title":{"rendered":"Aviso legal"},"content":{"rendered":"\t\t<div data-elementor-type=\"wp-page\" data-elementor-id=\"10608\" class=\"elementor elementor-10608\">\n\t\t\t\t\t\t<section class=\"elementor-section elementor-top-section elementor-element elementor-element-7678713 wd-section-stretch elementor-section-boxed elementor-section-height-default elementor-section-height-default\" data-id=\"7678713\" data-element_type=\"section\" data-e-type=\"section\" data-settings=\"{&quot;background_background&quot;:&quot;classic&quot;}\">\n\t\t\t\t\t\t<div class=\"elementor-container elementor-column-gap-default\">\n\t\t\t\t\t<div class=\"elementor-column elementor-col-100 elementor-top-column elementor-element elementor-element-654389\" data-id=\"654389\" data-element_type=\"column\" data-e-type=\"column\">\n\t\t\t<div class=\"elementor-widget-wrap elementor-element-populated\">\n\t\t\t\t\t\t<div class=\"elementor-element elementor-element-6784355 elementor-widget elementor-widget-wd_infobox\" data-id=\"6784355\" data-element_type=\"widget\" data-e-type=\"widget\" data-widget_type=\"wd_infobox.default\">\n\t\t\t\t<div class=\"elementor-widget-container\">\n\t\t\t\t\t\t\t<div class=\"info-box-wrapper\">\n\t\t\t<div class=\"woodmart-info-box text-center box-icon-align-top box-style-base color-scheme- box-title-extra-large\">\n\t\t\t\t\t\t\t\t\t<div class=\"box-icon-wrapper  box-with-icon box-icon-simple\">\n\t\t\t\t\t\t<div class=\"info-box-icon\">\n\t\t\t\t\t\t\t\t\t\t\t\t\t\t\t<span class=\"info-svg-wrapper info-icon\" style=\"width:80px; height:80px;\"><svg version=\"1.1\" id=\"svg-9591\" xmlns=\"http:\/\/www.w3.org\/2000\/svg\" xmlns:xlink=\"http:\/\/www.w3.org\/1999\/xlink\" x=\"0px\" y=\"0px\"\r\n\t viewBox=\"0 0 60 60\" style=\"enable-background:new 0 0 60 60;\" xml:space=\"preserve\">\r\n<g>\r\n\t<path d=\"M30,0C13.458,0,0,13.458,0,30s13.458,30,30,30s30-13.458,30-30S46.542,0,30,0z M30,58C14.561,58,2,45.439,2,30\r\n\t\tS14.561,2,30,2s28,12.561,28,28S45.439,58,30,58z\"\/>\r\n\t<path d=\"M30,6c-0.552,0-1,0.447-1,1v23H14c-0.552,0-1,0.447-1,1s0.448,1,1,1h16c0.552,0,1-0.447,1-1V7C31,6.447,30.552,6,30,6z\"\/>\r\n<\/g>\r\n<g>\r\n<\/g>\r\n<g>\r\n<\/g>\r\n<g>\r\n<\/g>\r\n<g>\r\n<\/g>\r\n<g>\r\n<\/g>\r\n<g>\r\n<\/g>\r\n<g>\r\n<\/g>\r\n<g>\r\n<\/g>\r\n<g>\r\n<\/g>\r\n<g>\r\n<\/g>\r\n<g>\r\n<\/g>\r\n<g>\r\n<\/g>\r\n<g>\r\n<\/g>\r\n<g>\r\n<\/g>\r\n<g>\r\n<\/g>\r\n<\/svg>\r\n<\/span>\t\t\t\t\t\t\t\t\t\t\t\t\t<\/div>\n\t\t\t\t\t<\/div>\n\t\t\t\t\n\t\t\t\t<div class=\"info-box-content\">\n\t\t\t\t\t\n\t\t\t\t\t\t\t\t\t\t\t<h4\t\t\t\t\t\tclass=\"info-box-title box-title-style-default\" data-elementor-setting-key=\"title\">\n\t\t\t\t\t\t\t\tAVISO LEGAL\t\t\t\t\t\t<\/h4>\n\t\t\t\t\t\n\t\t\t\t\t<div class=\"info-box-inner reset-mb-10\"\n\t\t\t\t\t\t data-elementor-setting-key=\"content\">\n\t\t\t\t\t\t\t\t\t\t\t<\/div>\n\t\n\t\t\t\t\t\t\t\t\t<\/div>\n\t\t\t<\/div>\n\t\t<\/div>\n\t\t\t\t\t\t<\/div>\n\t\t\t\t<\/div>\n\t\t\t\t\t<\/div>\n\t\t<\/div>\n\t\t\t\t\t<\/div>\n\t\t<\/section>\n\t\t\t\t<section class=\"elementor-section elementor-top-section elementor-element elementor-element-9b075ad elementor-section-boxed elementor-section-height-default elementor-section-height-default wd-section-disabled\" data-id=\"9b075ad\" data-element_type=\"section\" data-e-type=\"section\">\n\t\t\t\t\t\t<div class=\"elementor-container elementor-column-gap-default\">\n\t\t\t\t\t<div class=\"elementor-column elementor-col-100 elementor-top-column elementor-element elementor-element-97512a5\" data-id=\"97512a5\" data-element_type=\"column\" data-e-type=\"column\">\n\t\t\t<div class=\"elementor-widget-wrap elementor-element-populated\">\n\t\t\t\t\t\t<section class=\"elementor-section elementor-inner-section elementor-element elementor-element-f276a84 elementor-section-boxed elementor-section-height-default elementor-section-height-default wd-section-disabled\" data-id=\"f276a84\" data-element_type=\"section\" data-e-type=\"section\">\n\t\t\t\t\t\t<div class=\"elementor-container elementor-column-gap-default\">\n\t\t\t\t\t<div class=\"elementor-column elementor-col-100 elementor-inner-column elementor-element elementor-element-5484ddc\" data-id=\"5484ddc\" data-element_type=\"column\" data-e-type=\"column\">\n\t\t\t<div class=\"elementor-widget-wrap elementor-element-populated\">\n\t\t\t\t\t\t<div class=\"elementor-element elementor-element-43a375d color-scheme-inherit text-left elementor-widget elementor-widget-text-editor\" data-id=\"43a375d\" data-element_type=\"widget\" data-e-type=\"widget\" data-widget_type=\"text-editor.default\">\n\t\t\t\t<div class=\"elementor-widget-container\">\n\t\t\t\t\t\t\t\t\t<h1><a name=\"_Toc82675401\"><\/a>AVISO LEGAL Y CONDICIONES DE PRIVACIDAD<\/h1><h2>ENTIDAD QUE PUBLICA LA WEB<\/h2><p>SIM\u00d3N ASESORES, S.L. C.I.F.: B50573609<\/p><p>C\/ ALBERTO DUCE N\u00ba 14, 50018, ZARAGOZA, agencia@simonasesores.es. 976742226<\/p><p>Inscrita en el Registro Mercantil Zaragoza Tomo: 2654, Libro: 0, Folio: 63, Hoja: Z-23033, Inscrip.: 7.<\/p><p>Agencia Exclusiva AXA, con identificador 907915<\/p><p>SIM\u00d3N ASESORES SL se encuentra inscrita en el Registro Administrativo Especial de Mediadores de Seguros de la Direcci\u00f3n General de Seguros y Fondos de Pensiones (DGSFP), con la clave de registro 1000111267655<\/p><p>PROPIEDAD INTELECTUAL Y CONTENIDO<\/p><p>SIM\u00d3N ASESORES, S.L. es la propiedad de los nombres de dominio que identifican al sitio web y es titular del alojamiento de las p\u00e1ginas en el servidor oportuno, as\u00ed como de las cuentas de correo electr\u00f3nico que pertenezcan al dominio citado. As\u00ed mismo, es propietaria de los contenidos publicados, textos y fotograf\u00edas mientras no se indique diferente propiedad.<\/p><p>No est\u00e1 permitida la reproducci\u00f3n y\/o publicaci\u00f3n, total o parcial, del portal o sus contenidos, ni su tratamiento inform\u00e1tico, su distribuci\u00f3n, su difusi\u00f3n, ni su modificaci\u00f3n, transformaci\u00f3n, ni dem\u00e1s derechos reconocidos legalmente a sus titulares, sin el permiso previo, expreso y por escrito de los autores identificados o de SIM\u00d3N ASESORES, S.L.<\/p><h2>LEY DE LA SOCIEDAD DE LA INFORMACI\u00d3N Y COMERCIO ELECTR\u00d3NICO<\/h2><p>En cumplimiento de la Ley 34\/2002 de 11 de Julio, de Servicios de la Sociedad de la Informaci\u00f3n y de Comercio Electr\u00f3nico, y la Ley 32\/2003, de 3 de noviembre, General de Telecomunicaciones se informa a los usuarios que el env\u00edo de los formularios o correos electr\u00f3nicos implicar\u00e1 el consentimiento expreso para recibir comunicaciones comerciales de SIM\u00d3N ASESORES, S.L. mediante correo electr\u00f3nico o cualquier otro medio electr\u00f3nico de comunicaci\u00f3n. No obstante, si no desea seguir recibiendo comunicaciones comerciales puede comunicarlo en C\/ ALBERTO DUCE N\u00ba 14, 50018, ZARAGOZA, agencia@simonasesores.es.<\/p><h2>LEGISLACI\u00d3N APLICABLE<\/h2><p>Toda la controversia surgida de la interpretaci\u00f3n del presente \u201cAviso Legal\u201d se regir\u00e1 por la legislaci\u00f3n espa\u00f1ola, en concreto a la jurisdicci\u00f3n de los Juzgados y Tribunales de ZARAGOZA.<\/p><p>\u00a0<\/p><p>\u00a0<\/p>\t\t\t\t\t\t\t\t<\/div>\n\t\t\t\t<\/div>\n\t\t\t\t\t<\/div>\n\t\t<\/div>\n\t\t\t\t\t<\/div>\n\t\t<\/section>\n\t\t\t\t\t<\/div>\n\t\t<\/div>\n\t\t\t\t\t<\/div>\n\t\t<\/section>\n\t\t\t\t<\/div>\n\t\t","protected":false},"excerpt":{"rendered":"<p>AVISO LEGAL AVISO LEGAL Y CONDICIONES DE PRIVACIDAD ENTIDAD QUE PUBLICA LA WEB SIM\u00d3N ASESORES, S.L. C.I.F.: B50573609 C\/ ALBERTO<\/p>\n","protected":false},"author":1,"featured_media":0,"parent":0,"menu_order":0,"comment_status":"closed","ping_status":"closed","template":"","meta":{"_monsterinsights_skip_tracking":false,"_monsterinsights_sitenote_active":false,"_monsterinsights_sitenote_note":"","_monsterinsights_sitenote_category":0,"footnotes":""},"class_list":["post-10608","page","type-page","status-publish","hentry"],"yoast_head":"<!-- This site is optimized with the Yoast SEO plugin v27.6 - https:\/\/yoast.com\/product\/yoast-seo-wordpress\/ -->\n<title>Aviso legal - Sim\u00f3n Asesores<\/title>\n<meta name=\"robots\" content=\"index, follow, max-snippet:-1, max-image-preview:large, max-video-preview:-1\" \/>\n<link rel=\"canonical\" href=\"https:\/\/www.simonasesores.es\/index.php\/aviso-legal\/\" \/>\n<meta property=\"og:locale\" content=\"es_ES\" \/>\n<meta property=\"og:type\" content=\"article\" \/>\n<meta property=\"og:title\" content=\"Aviso legal - Sim\u00f3n Asesores\" \/>\n<meta property=\"og:description\" content=\"AVISO LEGAL AVISO LEGAL Y CONDICIONES DE PRIVACIDAD ENTIDAD QUE PUBLICA LA WEB SIM\u00d3N ASESORES, S.L. C.I.F.: B50573609 C\/ ALBERTO\" \/>\n<meta property=\"og:url\" content=\"https:\/\/www.simonasesores.es\/index.php\/aviso-legal\/\" \/>\n<meta property=\"og:site_name\" content=\"Sim\u00f3n Asesores\" \/>\n<meta property=\"article:modified_time\" content=\"2026-05-13T08:09:42+00:00\" \/>\n<meta name=\"twitter:card\" content=\"summary_large_image\" \/>\n<meta name=\"twitter:label1\" content=\"Tiempo de lectura\" \/>\n\t<meta name=\"twitter:data1\" content=\"2 minutos\" \/>\n<script type=\"application\/ld+json\" class=\"yoast-schema-graph\">{\"@context\":\"https:\\\/\\\/schema.org\",\"@graph\":[{\"@type\":\"WebPage\",\"@id\":\"https:\\\/\\\/www.simonasesores.es\\\/index.php\\\/aviso-legal\\\/\",\"url\":\"https:\\\/\\\/www.simonasesores.es\\\/index.php\\\/aviso-legal\\\/\",\"name\":\"Aviso legal - Sim\u00f3n Asesores\",\"isPartOf\":{\"@id\":\"https:\\\/\\\/www.simonasesores.es\\\/#website\"},\"datePublished\":\"2026-05-12T08:55:03+00:00\",\"dateModified\":\"2026-05-13T08:09:42+00:00\",\"breadcrumb\":{\"@id\":\"https:\\\/\\\/www.simonasesores.es\\\/index.php\\\/aviso-legal\\\/#breadcrumb\"},\"inLanguage\":\"es\",\"potentialAction\":[{\"@type\":\"ReadAction\",\"target\":[\"https:\\\/\\\/www.simonasesores.es\\\/index.php\\\/aviso-legal\\\/\"]}]},{\"@type\":\"BreadcrumbList\",\"@id\":\"https:\\\/\\\/www.simonasesores.es\\\/index.php\\\/aviso-legal\\\/#breadcrumb\",\"itemListElement\":[{\"@type\":\"ListItem\",\"position\":1,\"name\":\"Home\",\"item\":\"https:\\\/\\\/www.simonasesores.es\\\/\"},{\"@type\":\"ListItem\",\"position\":2,\"name\":\"Aviso legal\"}]},{\"@type\":\"WebSite\",\"@id\":\"https:\\\/\\\/www.simonasesores.es\\\/#website\",\"url\":\"https:\\\/\\\/www.simonasesores.es\\\/\",\"name\":\"Sim\u00f3n Asesores\",\"description\":\"Asesores de seguros\",\"publisher\":{\"@id\":\"https:\\\/\\\/www.simonasesores.es\\\/#organization\"},\"potentialAction\":[{\"@type\":\"SearchAction\",\"target\":{\"@type\":\"EntryPoint\",\"urlTemplate\":\"https:\\\/\\\/www.simonasesores.es\\\/?s={search_term_string}\"},\"query-input\":{\"@type\":\"PropertyValueSpecification\",\"valueRequired\":true,\"valueName\":\"search_term_string\"}}],\"inLanguage\":\"es\"},{\"@type\":\"Organization\",\"@id\":\"https:\\\/\\\/www.simonasesores.es\\\/#organization\",\"name\":\"Sim\u00f3n Asesores\",\"url\":\"https:\\\/\\\/www.simonasesores.es\\\/\",\"logo\":{\"@type\":\"ImageObject\",\"inLanguage\":\"es\",\"@id\":\"https:\\\/\\\/www.simonasesores.es\\\/#\\\/schema\\\/logo\\\/image\\\/\",\"url\":\"https:\\\/\\\/www.simonasesores.es\\\/wp-content\\\/uploads\\\/2022\\\/07\\\/1531986130207.jpg\",\"contentUrl\":\"https:\\\/\\\/www.simonasesores.es\\\/wp-content\\\/uploads\\\/2022\\\/07\\\/1531986130207.jpg\",\"width\":1250,\"height\":645,\"caption\":\"Sim\u00f3n Asesores\"},\"image\":{\"@id\":\"https:\\\/\\\/www.simonasesores.es\\\/#\\\/schema\\\/logo\\\/image\\\/\"}}]}<\/script>\n<!-- \/ Yoast SEO plugin. -->","yoast_head_json":{"title":"Aviso legal - Sim\u00f3n Asesores","robots":{"index":"index","follow":"follow","max-snippet":"max-snippet:-1","max-image-preview":"max-image-preview:large","max-video-preview":"max-video-preview:-1"},"canonical":"https:\/\/www.simonasesores.es\/index.php\/aviso-legal\/","og_locale":"es_ES","og_type":"article","og_title":"Aviso legal - Sim\u00f3n Asesores","og_description":"AVISO LEGAL AVISO LEGAL Y CONDICIONES DE PRIVACIDAD ENTIDAD QUE PUBLICA LA WEB SIM\u00d3N ASESORES, S.L. C.I.F.: B50573609 C\/ ALBERTO","og_url":"https:\/\/www.simonasesores.es\/index.php\/aviso-legal\/","og_site_name":"Sim\u00f3n Asesores","article_modified_time":"2026-05-13T08:09:42+00:00","twitter_card":"summary_large_image","twitter_misc":{"Tiempo de lectura":"2 minutos"},"schema":{"@context":"https:\/\/schema.org","@graph":[{"@type":"WebPage","@id":"https:\/\/www.simonasesores.es\/index.php\/aviso-legal\/","url":"https:\/\/www.simonasesores.es\/index.php\/aviso-legal\/","name":"Aviso legal - Sim\u00f3n Asesores","isPartOf":{"@id":"https:\/\/www.simonasesores.es\/#website"},"datePublished":"2026-05-12T08:55:03+00:00","dateModified":"2026-05-13T08:09:42+00:00","breadcrumb":{"@id":"https:\/\/www.simonasesores.es\/index.php\/aviso-legal\/#breadcrumb"},"inLanguage":"es","potentialAction":[{"@type":"ReadAction","target":["https:\/\/www.simonasesores.es\/index.php\/aviso-legal\/"]}]},{"@type":"BreadcrumbList","@id":"https:\/\/www.simonasesores.es\/index.php\/aviso-legal\/#breadcrumb","itemListElement":[{"@type":"ListItem","position":1,"name":"Home","item":"https:\/\/www.simonasesores.es\/"},{"@type":"ListItem","position":2,"name":"Aviso legal"}]},{"@type":"WebSite","@id":"https:\/\/www.simonasesores.es\/#website","url":"https:\/\/www.simonasesores.es\/","name":"Sim\u00f3n Asesores","description":"Asesores de seguros","publisher":{"@id":"https:\/\/www.simonasesores.es\/#organization"},"potentialAction":[{"@type":"SearchAction","target":{"@type":"EntryPoint","urlTemplate":"https:\/\/www.simonasesores.es\/?s={search_term_string}"},"query-input":{"@type":"PropertyValueSpecification","valueRequired":true,"valueName":"search_term_string"}}],"inLanguage":"es"},{"@type":"Organization","@id":"https:\/\/www.simonasesores.es\/#organization","name":"Sim\u00f3n Asesores","url":"https:\/\/www.simonasesores.es\/","logo":{"@type":"ImageObject","inLanguage":"es","@id":"https:\/\/www.simonasesores.es\/#\/schema\/logo\/image\/","url":"https:\/\/www.simonasesores.es\/wp-content\/uploads\/2022\/07\/1531986130207.jpg","contentUrl":"https:\/\/www.simonasesores.es\/wp-content\/uploads\/2022\/07\/1531986130207.jpg","width":1250,"height":645,"caption":"Sim\u00f3n Asesores"},"image":{"@id":"https:\/\/www.simonasesores.es\/#\/schema\/logo\/image\/"}}]}},"_links":{"self":[{"href":"https:\/\/www.simonasesores.es\/index.php\/wp-json\/wp\/v2\/pages\/10608","targetHints":{"allow":["GET"]}}],"collection":[{"href":"https:\/\/www.simonasesores.es\/index.php\/wp-json\/wp\/v2\/pages"}],"about":[{"href":"https:\/\/www.simonasesores.es\/index.php\/wp-json\/wp\/v2\/types\/page"}],"author":[{"embeddable":true,"href":"https:\/\/www.simonasesores.es\/index.php\/wp-json\/wp\/v2\/users\/1"}],"replies":[{"embeddable":true,"href":"https:\/\/www.simonasesores.es\/index.php\/wp-json\/wp\/v2\/comments?post=10608"}],"version-history":[{"count":7,"href":"https:\/\/www.simonasesores.es\/index.php\/wp-json\/wp\/v2\/pages\/10608\/revisions"}],"predecessor-version":[{"id":10656,"href":"https:\/\/www.simonasesores.es\/index.php\/wp-json\/wp\/v2\/pages\/10608\/revisions\/10656"}],"wp:attachment":[{"href":"https:\/\/www.simonasesores.es\/index.php\/wp-json\/wp\/v2\/media?parent=10608"}],"curies":[{"name":"wp","href":"https:\/\/api.w.org\/{rel}","templated":true}]}}