{"id":850,"date":"2017-07-13T07:19:33","date_gmt":"2017-07-13T07:19:33","guid":{"rendered":"http:\/\/dummy.xtemos.com\/woodmart-elementor\/demos\/?page_id=850"},"modified":"2023-09-28T11:41:04","modified_gmt":"2023-09-28T11:41:04","slug":"about-us-2","status":"publish","type":"page","link":"https:\/\/www.simonasesores.es\/index.php\/about-us-2\/","title":{"rendered":"SEGUROS"},"content":{"rendered":"\t\t<div data-elementor-type=\"wp-page\" data-elementor-id=\"850\" class=\"elementor elementor-850\">\n\t\t\t\t\t\t<section class=\"elementor-section elementor-top-section elementor-element elementor-element-3441c87 elementor-section-boxed elementor-section-height-default elementor-section-height-default wd-section-disabled\" data-id=\"3441c87\" data-element_type=\"section\" data-e-type=\"section\">\n\t\t\t\t\t\t<div class=\"elementor-container elementor-column-gap-default\">\n\t\t\t\t\t<div class=\"elementor-column elementor-col-50 elementor-top-column elementor-element elementor-element-e1d5d69\" data-id=\"e1d5d69\" data-element_type=\"column\" data-e-type=\"column\">\n\t\t\t<div class=\"elementor-widget-wrap elementor-element-populated\">\n\t\t\t\t\t\t<div class=\"elementor-element elementor-element-549e19f elementor-widget elementor-widget-video\" data-id=\"549e19f\" data-element_type=\"widget\" data-e-type=\"widget\" data-settings=\"{&quot;youtube_url&quot;:&quot;https:\\\/\\\/youtu.be\\\/0UgfVWevMKM&quot;,&quot;video_type&quot;:&quot;youtube&quot;,&quot;controls&quot;:&quot;yes&quot;}\" data-widget_type=\"video.default\">\n\t\t\t\t<div class=\"elementor-widget-container\">\n\t\t\t\t\t\t\t<div class=\"elementor-wrapper elementor-open-inline\">\n\t\t\t<div class=\"elementor-video\"><\/div>\t\t<\/div>\n\t\t\t\t\t\t<\/div>\n\t\t\t\t<\/div>\n\t\t\t\t\t<\/div>\n\t\t<\/div>\n\t\t\t\t<div class=\"elementor-column elementor-col-50 elementor-top-column elementor-element elementor-element-9907655\" data-id=\"9907655\" data-element_type=\"column\" data-e-type=\"column\">\n\t\t\t<div class=\"elementor-widget-wrap elementor-element-populated\">\n\t\t\t\t\t\t<div class=\"elementor-element elementor-element-6535372 elementor-widget elementor-widget-wd_title\" data-id=\"6535372\" data-element_type=\"widget\" data-e-type=\"widget\" data-widget_type=\"wd_title.default\">\n\t\t\t\t<div class=\"elementor-widget-container\">\n\t\t\t\t\t\t\t<div class=\"title-wrapper woodmart-title-color-default woodmart-title-style-default woodmart-title-size-extra-large text-left\">\n\n\t\t\t\t\t\t\t<div class=\"title-subtitle subtitle-style-default\">\n\t\t\t\t\tSEGUROS\t\t\t\t<\/div>\n\t\t\t\n\t\t\t<div class=\"liner-continer\">\n\t\t\t\t<span class=\"left-line\"><\/span>\n\n\t\t\t\t<h4 class=\"woodmart-title-container title\">\n\t\t\t\t\tProtecci\u00f3n personal:\t\t\t\t<\/h4>\n\n\t\t\t\t\n\t\t\t\t<span class=\"right-line\"><\/span>\n\t\t\t<\/div>\n\n\t\t\t\t\t<\/div>\n\t\t\t\t\t\t<\/div>\n\t\t\t\t<\/div>\n\t\t\t\t<div class=\"elementor-element elementor-element-413bb81 color-scheme-dark text-left elementor-widget elementor-widget-text-editor\" data-id=\"413bb81\" data-element_type=\"widget\" data-e-type=\"widget\" data-widget_type=\"text-editor.default\">\n\t\t\t\t<div class=\"elementor-widget-container\">\n\t\t\t\t\t\t\t\t\t<ul><li class=\"p1\">Seguros de Asistencia Sanitaria Salud<\/li><li class=\"p1\">Seguros Incapacidad Laboral Transitoria ILT<\/li><li class=\"p1\">Seguros de Hospitalizaci\u00f3n Prevenci\u00f3n<\/li><li class=\"p1\">Seguros de Vida<\/li><li class=\"p1\">Seguros de Accidente<\/li><li class=\"p1\">Decesos<\/li><\/ul>\t\t\t\t\t\t\t\t<\/div>\n\t\t\t\t<\/div>\n\t\t\t\t<div class=\"elementor-element elementor-element-4e8e611 elementor-widget__width-auto elementor-widget elementor-widget-image\" data-id=\"4e8e611\" data-element_type=\"widget\" data-e-type=\"widget\" data-widget_type=\"image.default\">\n\t\t\t\t<div class=\"elementor-widget-container\">\n\t\t\t\t\t\t\t\t\t\t\t\t\t\t\t<img decoding=\"async\" src=\"https:\/\/www.simonasesores.es\/wp-content\/uploads\/elementor\/thumbs\/balanza-p6zzpwasebd8alvdyz3lp5rssau0xsvmvmd9xd0spo.png\" title=\"balanza\" alt=\"balanza\" loading=\"lazy\" \/>\t\t\t\t\t\t\t\t\t\t\t\t\t\t\t<\/div>\n\t\t\t\t<\/div>\n\t\t\t\t<div class=\"elementor-element elementor-element-85677e1 elementor-widget__width-auto color-scheme-inherit text-left elementor-widget elementor-widget-text-editor\" data-id=\"85677e1\" data-element_type=\"widget\" data-e-type=\"widget\" data-widget_type=\"text-editor.default\">\n\t\t\t\t<div class=\"elementor-widget-container\">\n\t\t\t\t\t\t\t\t\t<i>\u00a0<span style=\"color: #ee7620;\"><b>Sim\u00f3n <\/b><\/span><\/i><em>Asesores de seguros<\/em>\t\t\t\t\t\t\t\t<\/div>\n\t\t\t\t<\/div>\n\t\t\t\t\t<\/div>\n\t\t<\/div>\n\t\t\t\t\t<\/div>\n\t\t<\/section>\n\t\t\t\t<section class=\"elementor-section elementor-top-section elementor-element elementor-element-7c0484e elementor-section-boxed elementor-section-height-default elementor-section-height-default wd-section-disabled\" data-id=\"7c0484e\" data-element_type=\"section\" data-e-type=\"section\" data-settings=\"{&quot;background_background&quot;:&quot;classic&quot;}\">\n\t\t\t\t\t\t<div class=\"elementor-container elementor-column-gap-default\">\n\t\t\t\t\t<div class=\"elementor-column elementor-col-50 elementor-top-column elementor-element elementor-element-f2ef854\" data-id=\"f2ef854\" data-element_type=\"column\" data-e-type=\"column\" data-settings=\"{&quot;background_background&quot;:&quot;classic&quot;}\">\n\t\t\t<div class=\"elementor-widget-wrap elementor-element-populated\">\n\t\t\t\t\t\t<div class=\"elementor-element elementor-element-4986618 elementor-widget elementor-widget-wd_title\" data-id=\"4986618\" data-element_type=\"widget\" data-e-type=\"widget\" data-widget_type=\"wd_title.default\">\n\t\t\t\t<div class=\"elementor-widget-container\">\n\t\t\t\t\t\t\t<div class=\"title-wrapper woodmart-title-color-default woodmart-title-style-default woodmart-title-size-extra-large text-left\">\n\n\t\t\t\t\t\t\t<div class=\"title-subtitle subtitle-style-default\">\n\t\t\t\t\tSEGUROS\t\t\t\t<\/div>\n\t\t\t\n\t\t\t<div class=\"liner-continer\">\n\t\t\t\t<span class=\"left-line\"><\/span>\n\n\t\t\t\t<h4 class=\"woodmart-title-container title\">\n\t\t\t\t\tProtecci\u00f3n financiera - Inversi\u00f3n:\t\t\t\t<\/h4>\n\n\t\t\t\t\n\t\t\t\t<span class=\"right-line\"><\/span>\n\t\t\t<\/div>\n\n\t\t\t\t\t<\/div>\n\t\t\t\t\t\t<\/div>\n\t\t\t\t<\/div>\n\t\t\t\t<div class=\"elementor-element elementor-element-b2ec82a color-scheme-dark text-left elementor-widget elementor-widget-text-editor\" data-id=\"b2ec82a\" data-element_type=\"widget\" data-e-type=\"widget\" data-widget_type=\"text-editor.default\">\n\t\t\t\t<div class=\"elementor-widget-container\">\n\t\t\t\t\t\t\t\t\t<ul><li class=\"p1\">Ahorro Peri\u00f3dico<\/li><li class=\"p1\">Ahorro \u00danico<\/li><li class=\"p1\">Planes de Pensiones<\/li><\/ul>\t\t\t\t\t\t\t\t<\/div>\n\t\t\t\t<\/div>\n\t\t\t\t<div class=\"elementor-element elementor-element-e49133d elementor-widget__width-auto elementor-widget elementor-widget-image\" data-id=\"e49133d\" data-element_type=\"widget\" data-e-type=\"widget\" data-widget_type=\"image.default\">\n\t\t\t\t<div class=\"elementor-widget-container\">\n\t\t\t\t\t\t\t\t\t\t\t\t\t\t\t<img decoding=\"async\" src=\"https:\/\/www.simonasesores.es\/wp-content\/uploads\/elementor\/thumbs\/balanza-p6zzpwasebd8alvdyz3lp5rssau0xsvmvmd9xd0spo.png\" title=\"balanza\" alt=\"balanza\" loading=\"lazy\" \/>\t\t\t\t\t\t\t\t\t\t\t\t\t\t\t<\/div>\n\t\t\t\t<\/div>\n\t\t\t\t<div class=\"elementor-element elementor-element-dbb21f4 elementor-widget__width-auto color-scheme-inherit text-left elementor-widget elementor-widget-text-editor\" data-id=\"dbb21f4\" data-element_type=\"widget\" data-e-type=\"widget\" data-widget_type=\"text-editor.default\">\n\t\t\t\t<div class=\"elementor-widget-container\">\n\t\t\t\t\t\t\t\t\t<p><i>\u00a0<span style=\"color: #ee7620;\"><b>Sim\u00f3n <\/b><\/span><\/i><em>Asesores de seguros<\/em><\/p>\t\t\t\t\t\t\t\t<\/div>\n\t\t\t\t<\/div>\n\t\t\t\t\t<\/div>\n\t\t<\/div>\n\t\t\t\t<div class=\"elementor-column elementor-col-50 elementor-top-column elementor-element elementor-element-e7f2fcd\" data-id=\"e7f2fcd\" data-element_type=\"column\" data-e-type=\"column\">\n\t\t\t<div class=\"elementor-widget-wrap elementor-element-populated\">\n\t\t\t\t\t\t<div class=\"elementor-element elementor-element-ceb182d elementor-widget elementor-widget-video\" data-id=\"ceb182d\" data-element_type=\"widget\" data-e-type=\"widget\" data-settings=\"{&quot;youtube_url&quot;:&quot;https:\\\/\\\/youtu.be\\\/GAPQCftuZ_Q&quot;,&quot;video_type&quot;:&quot;youtube&quot;,&quot;controls&quot;:&quot;yes&quot;}\" data-widget_type=\"video.default\">\n\t\t\t\t<div class=\"elementor-widget-container\">\n\t\t\t\t\t\t\t<div class=\"elementor-wrapper elementor-open-inline\">\n\t\t\t<div class=\"elementor-video\"><\/div>\t\t<\/div>\n\t\t\t\t\t\t<\/div>\n\t\t\t\t<\/div>\n\t\t\t\t\t<\/div>\n\t\t<\/div>\n\t\t\t\t\t<\/div>\n\t\t<\/section>\n\t\t\t\t<section class=\"elementor-section elementor-top-section elementor-element elementor-element-734be1a elementor-section-boxed elementor-section-height-default elementor-section-height-default wd-section-disabled\" data-id=\"734be1a\" data-element_type=\"section\" data-e-type=\"section\">\n\t\t\t\t\t\t<div class=\"elementor-container elementor-column-gap-default\">\n\t\t\t\t\t<div class=\"elementor-column elementor-col-50 elementor-top-column elementor-element elementor-element-0c330a4\" data-id=\"0c330a4\" data-element_type=\"column\" data-e-type=\"column\">\n\t\t\t<div class=\"elementor-widget-wrap elementor-element-populated\">\n\t\t\t\t\t\t<div class=\"elementor-element elementor-element-b874878 elementor-widget elementor-widget-video\" data-id=\"b874878\" data-element_type=\"widget\" data-e-type=\"widget\" data-settings=\"{&quot;youtube_url&quot;:&quot;https:\\\/\\\/youtu.be\\\/26f40SGEnC8&quot;,&quot;video_type&quot;:&quot;youtube&quot;,&quot;controls&quot;:&quot;yes&quot;}\" data-widget_type=\"video.default\">\n\t\t\t\t<div class=\"elementor-widget-container\">\n\t\t\t\t\t\t\t<div class=\"elementor-wrapper elementor-open-inline\">\n\t\t\t<div class=\"elementor-video\"><\/div>\t\t<\/div>\n\t\t\t\t\t\t<\/div>\n\t\t\t\t<\/div>\n\t\t\t\t\t<\/div>\n\t\t<\/div>\n\t\t\t\t<div class=\"elementor-column elementor-col-50 elementor-top-column elementor-element elementor-element-615165a\" data-id=\"615165a\" data-element_type=\"column\" data-e-type=\"column\">\n\t\t\t<div class=\"elementor-widget-wrap elementor-element-populated\">\n\t\t\t\t\t\t<div class=\"elementor-element elementor-element-7819873 elementor-widget elementor-widget-wd_title\" data-id=\"7819873\" data-element_type=\"widget\" data-e-type=\"widget\" data-widget_type=\"wd_title.default\">\n\t\t\t\t<div class=\"elementor-widget-container\">\n\t\t\t\t\t\t\t<div class=\"title-wrapper woodmart-title-color-default woodmart-title-style-default woodmart-title-size-extra-large text-left\">\n\n\t\t\t\t\t\t\t<div class=\"title-subtitle subtitle-style-default\">\n\t\t\t\t\tSEGUROS\t\t\t\t<\/div>\n\t\t\t\n\t\t\t<div class=\"liner-continer\">\n\t\t\t\t<span class=\"left-line\"><\/span>\n\n\t\t\t\t<h4 class=\"woodmart-title-container title\">\n\t\t\t\t\tSeguros Patrimoniales:\t\t\t\t<\/h4>\n\n\t\t\t\t\n\t\t\t\t<span class=\"right-line\"><\/span>\n\t\t\t<\/div>\n\n\t\t\t\t\t<\/div>\n\t\t\t\t\t\t<\/div>\n\t\t\t\t<\/div>\n\t\t\t\t<div class=\"elementor-element elementor-element-40e861a color-scheme-dark text-left elementor-widget elementor-widget-text-editor\" data-id=\"40e861a\" data-element_type=\"widget\" data-e-type=\"widget\" data-widget_type=\"text-editor.default\">\n\t\t\t\t<div class=\"elementor-widget-container\">\n\t\t\t\t\t\t\t\t\t<ul><li class=\"p1\">Auto<\/li><li class=\"p1\">Hogar<\/li><li class=\"p1\">Comercio<\/li><li class=\"p1\">Comunidades<\/li><\/ul>\t\t\t\t\t\t\t\t<\/div>\n\t\t\t\t<\/div>\n\t\t\t\t<div class=\"elementor-element elementor-element-a159893 elementor-widget__width-auto elementor-widget elementor-widget-image\" data-id=\"a159893\" data-element_type=\"widget\" data-e-type=\"widget\" data-widget_type=\"image.default\">\n\t\t\t\t<div class=\"elementor-widget-container\">\n\t\t\t\t\t\t\t\t\t\t\t\t\t\t\t<img decoding=\"async\" src=\"https:\/\/www.simonasesores.es\/wp-content\/uploads\/elementor\/thumbs\/balanza-p6zzpwasebd8alvdyz3lp5rssau0xsvmvmd9xd0spo.png\" title=\"balanza\" alt=\"balanza\" loading=\"lazy\" \/>\t\t\t\t\t\t\t\t\t\t\t\t\t\t\t<\/div>\n\t\t\t\t<\/div>\n\t\t\t\t<div class=\"elementor-element elementor-element-681b96d elementor-widget__width-auto color-scheme-inherit text-left elementor-widget elementor-widget-text-editor\" data-id=\"681b96d\" data-element_type=\"widget\" data-e-type=\"widget\" data-widget_type=\"text-editor.default\">\n\t\t\t\t<div class=\"elementor-widget-container\">\n\t\t\t\t\t\t\t\t\t<p><i>\u00a0<span style=\"color: #ee7620;\"><b>Sim\u00f3n <\/b><\/span><\/i><em>Asesores de seguros<\/em><\/p>\t\t\t\t\t\t\t\t<\/div>\n\t\t\t\t<\/div>\n\t\t\t\t\t<\/div>\n\t\t<\/div>\n\t\t\t\t\t<\/div>\n\t\t<\/section>\n\t\t\t\t<section class=\"elementor-section elementor-top-section elementor-element elementor-element-baabd1a elementor-section-boxed elementor-section-height-default elementor-section-height-default wd-section-disabled\" data-id=\"baabd1a\" data-element_type=\"section\" data-e-type=\"section\" data-settings=\"{&quot;background_background&quot;:&quot;classic&quot;}\">\n\t\t\t\t\t\t<div class=\"elementor-container elementor-column-gap-default\">\n\t\t\t\t\t<div class=\"elementor-column elementor-col-50 elementor-top-column elementor-element elementor-element-adbf95e\" data-id=\"adbf95e\" data-element_type=\"column\" data-e-type=\"column\" data-settings=\"{&quot;background_background&quot;:&quot;classic&quot;}\">\n\t\t\t<div class=\"elementor-widget-wrap elementor-element-populated\">\n\t\t\t\t\t\t<div class=\"elementor-element elementor-element-e360a9e elementor-widget elementor-widget-wd_title\" data-id=\"e360a9e\" data-element_type=\"widget\" data-e-type=\"widget\" data-widget_type=\"wd_title.default\">\n\t\t\t\t<div class=\"elementor-widget-container\">\n\t\t\t\t\t\t\t<div class=\"title-wrapper woodmart-title-color-default woodmart-title-style-default woodmart-title-size-extra-large text-left\">\n\n\t\t\t\t\t\t\t<div class=\"title-subtitle subtitle-style-default\">\n\t\t\t\t\tSEGUROS\t\t\t\t<\/div>\n\t\t\t\n\t\t\t<div class=\"liner-continer\">\n\t\t\t\t<span class=\"left-line\"><\/span>\n\n\t\t\t\t<h4 class=\"woodmart-title-container title\">\n\t\t\t\t\tProtecci\u00f3n empresas:\t\t\t\t<\/h4>\n\n\t\t\t\t\n\t\t\t\t<span class=\"right-line\"><\/span>\n\t\t\t<\/div>\n\n\t\t\t\t\t<\/div>\n\t\t\t\t\t\t<\/div>\n\t\t\t\t<\/div>\n\t\t\t\t<div class=\"elementor-element elementor-element-0b44268 color-scheme-dark text-left elementor-widget elementor-widget-text-editor\" data-id=\"0b44268\" data-element_type=\"widget\" data-e-type=\"widget\" data-widget_type=\"text-editor.default\">\n\t\t\t\t<div class=\"elementor-widget-container\">\n\t\t\t\t\t\t\t\t\t<ul><li class=\"p1\"><p class=\"p1\">Responsabilidad Civil<\/p><\/li><li class=\"p1\"><p class=\"p1\">Pyme<\/p><\/li><li class=\"p1\"><p class=\"p1\">Ciber protecci\u00f3n<\/p><\/li><li class=\"p1\"><p class=\"p1\">Transportes<\/p><\/li><li class=\"p1\"><p class=\"p1\">Flotas<\/p><\/li><\/ul>\t\t\t\t\t\t\t\t<\/div>\n\t\t\t\t<\/div>\n\t\t\t\t<div class=\"elementor-element elementor-element-08c7a17 elementor-widget__width-auto elementor-widget elementor-widget-image\" data-id=\"08c7a17\" data-element_type=\"widget\" data-e-type=\"widget\" data-widget_type=\"image.default\">\n\t\t\t\t<div class=\"elementor-widget-container\">\n\t\t\t\t\t\t\t\t\t\t\t\t\t\t\t<img decoding=\"async\" src=\"https:\/\/www.simonasesores.es\/wp-content\/uploads\/elementor\/thumbs\/balanza-p6zzpwasebd8alvdyz3lp5rssau0xsvmvmd9xd0spo.png\" title=\"balanza\" alt=\"balanza\" loading=\"lazy\" \/>\t\t\t\t\t\t\t\t\t\t\t\t\t\t\t<\/div>\n\t\t\t\t<\/div>\n\t\t\t\t<div class=\"elementor-element elementor-element-0e8a8b7 elementor-widget__width-auto color-scheme-inherit text-left elementor-widget elementor-widget-text-editor\" data-id=\"0e8a8b7\" data-element_type=\"widget\" data-e-type=\"widget\" data-widget_type=\"text-editor.default\">\n\t\t\t\t<div class=\"elementor-widget-container\">\n\t\t\t\t\t\t\t\t\t<p><i>\u00a0<span style=\"color: #ee7620;\"><b>Sim\u00f3n <\/b><\/span><\/i><em>Asesores de seguros<\/em><\/p>\t\t\t\t\t\t\t\t<\/div>\n\t\t\t\t<\/div>\n\t\t\t\t\t<\/div>\n\t\t<\/div>\n\t\t\t\t<div class=\"elementor-column elementor-col-50 elementor-top-column elementor-element elementor-element-fb219ff\" data-id=\"fb219ff\" data-element_type=\"column\" data-e-type=\"column\">\n\t\t\t<div class=\"elementor-widget-wrap elementor-element-populated\">\n\t\t\t\t\t\t<div class=\"elementor-element elementor-element-9436fac elementor-widget elementor-widget-video\" data-id=\"9436fac\" data-element_type=\"widget\" data-e-type=\"widget\" data-settings=\"{&quot;youtube_url&quot;:&quot;https:\\\/\\\/youtu.be\\\/nsEasSSTzFs&quot;,&quot;video_type&quot;:&quot;youtube&quot;,&quot;controls&quot;:&quot;yes&quot;}\" data-widget_type=\"video.default\">\n\t\t\t\t<div class=\"elementor-widget-container\">\n\t\t\t\t\t\t\t<div class=\"elementor-wrapper elementor-open-inline\">\n\t\t\t<div class=\"elementor-video\"><\/div>\t\t<\/div>\n\t\t\t\t\t\t<\/div>\n\t\t\t\t<\/div>\n\t\t\t\t\t<\/div>\n\t\t<\/div>\n\t\t\t\t\t<\/div>\n\t\t<\/section>\n\t\t\t\t<\/div>\n\t\t","protected":false},"excerpt":{"rendered":"<p>SEGUROS Protecci\u00f3n personal: Seguros de Asistencia Sanitaria Salud Seguros Incapacidad Laboral Transitoria ILT Seguros de Hospitalizaci\u00f3n Prevenci\u00f3n Seguros de Vida<\/p>\n","protected":false},"author":1,"featured_media":0,"parent":0,"menu_order":0,"comment_status":"closed","ping_status":"closed","template":"","meta":{"_monsterinsights_skip_tracking":false,"_monsterinsights_sitenote_active":false,"_monsterinsights_sitenote_note":"","_monsterinsights_sitenote_category":0,"footnotes":""},"class_list":["post-850","page","type-page","status-publish","hentry"],"aioseo_notices":[],"yoast_head":"<!-- This site is optimized with the Yoast SEO plugin v27.3 - https:\/\/yoast.com\/product\/yoast-seo-wordpress\/ -->\n<title>SEGUROS - Sim\u00f3n Asesores<\/title>\n<meta name=\"robots\" content=\"index, follow, max-snippet:-1, max-image-preview:large, max-video-preview:-1\" \/>\n<link rel=\"canonical\" href=\"https:\/\/www.simonasesores.es\/index.php\/about-us-2\/\" \/>\n<meta property=\"og:locale\" content=\"es_ES\" \/>\n<meta property=\"og:type\" content=\"article\" \/>\n<meta property=\"og:title\" content=\"SEGUROS - Sim\u00f3n Asesores\" \/>\n<meta property=\"og:description\" content=\"SEGUROS Protecci\u00f3n personal: Seguros de Asistencia Sanitaria Salud Seguros Incapacidad Laboral Transitoria ILT Seguros de Hospitalizaci\u00f3n Prevenci\u00f3n Seguros de Vida\" \/>\n<meta property=\"og:url\" content=\"https:\/\/www.simonasesores.es\/index.php\/about-us-2\/\" \/>\n<meta property=\"og:site_name\" content=\"Sim\u00f3n Asesores\" \/>\n<meta property=\"article:modified_time\" content=\"2023-09-28T11:41:04+00:00\" \/>\n<meta property=\"og:image\" content=\"https:\/\/www.simonasesores.es\/wp-content\/uploads\/elementor\/thumbs\/balanza-p6zzpwasebd8alvdyz3lp5rssau0xsvmvmd9xd0spo.png\" \/>\n<meta name=\"twitter:card\" content=\"summary_large_image\" \/>\n<meta name=\"twitter:label1\" content=\"Tiempo de lectura\" \/>\n\t<meta name=\"twitter:data1\" content=\"2 minutos\" \/>\n<script type=\"application\/ld+json\" class=\"yoast-schema-graph\">{\"@context\":\"https:\\\/\\\/schema.org\",\"@graph\":[{\"@type\":\"WebPage\",\"@id\":\"https:\\\/\\\/www.simonasesores.es\\\/index.php\\\/about-us-2\\\/\",\"url\":\"https:\\\/\\\/www.simonasesores.es\\\/index.php\\\/about-us-2\\\/\",\"name\":\"SEGUROS - Sim\u00f3n Asesores\",\"isPartOf\":{\"@id\":\"https:\\\/\\\/www.simonasesores.es\\\/#website\"},\"primaryImageOfPage\":{\"@id\":\"https:\\\/\\\/www.simonasesores.es\\\/index.php\\\/about-us-2\\\/#primaryimage\"},\"image\":{\"@id\":\"https:\\\/\\\/www.simonasesores.es\\\/index.php\\\/about-us-2\\\/#primaryimage\"},\"thumbnailUrl\":\"https:\\\/\\\/www.simonasesores.es\\\/wp-content\\\/uploads\\\/elementor\\\/thumbs\\\/balanza-p6zzpwasebd8alvdyz3lp5rssau0xsvmvmd9xd0spo.png\",\"datePublished\":\"2017-07-13T07:19:33+00:00\",\"dateModified\":\"2023-09-28T11:41:04+00:00\",\"breadcrumb\":{\"@id\":\"https:\\\/\\\/www.simonasesores.es\\\/index.php\\\/about-us-2\\\/#breadcrumb\"},\"inLanguage\":\"es\",\"potentialAction\":[{\"@type\":\"ReadAction\",\"target\":[\"https:\\\/\\\/www.simonasesores.es\\\/index.php\\\/about-us-2\\\/\"]}]},{\"@type\":\"ImageObject\",\"inLanguage\":\"es\",\"@id\":\"https:\\\/\\\/www.simonasesores.es\\\/index.php\\\/about-us-2\\\/#primaryimage\",\"url\":\"https:\\\/\\\/www.simonasesores.es\\\/wp-content\\\/uploads\\\/elementor\\\/thumbs\\\/balanza-p6zzpwasebd8alvdyz3lp5rssau0xsvmvmd9xd0spo.png\",\"contentUrl\":\"https:\\\/\\\/www.simonasesores.es\\\/wp-content\\\/uploads\\\/elementor\\\/thumbs\\\/balanza-p6zzpwasebd8alvdyz3lp5rssau0xsvmvmd9xd0spo.png\"},{\"@type\":\"BreadcrumbList\",\"@id\":\"https:\\\/\\\/www.simonasesores.es\\\/index.php\\\/about-us-2\\\/#breadcrumb\",\"itemListElement\":[{\"@type\":\"ListItem\",\"position\":1,\"name\":\"Home\",\"item\":\"https:\\\/\\\/www.simonasesores.es\\\/\"},{\"@type\":\"ListItem\",\"position\":2,\"name\":\"SEGUROS\"}]},{\"@type\":\"WebSite\",\"@id\":\"https:\\\/\\\/www.simonasesores.es\\\/#website\",\"url\":\"https:\\\/\\\/www.simonasesores.es\\\/\",\"name\":\"Sim\u00f3n Asesores\",\"description\":\"Asesores de seguros\",\"potentialAction\":[{\"@type\":\"SearchAction\",\"target\":{\"@type\":\"EntryPoint\",\"urlTemplate\":\"https:\\\/\\\/www.simonasesores.es\\\/?s={search_term_string}\"},\"query-input\":{\"@type\":\"PropertyValueSpecification\",\"valueRequired\":true,\"valueName\":\"search_term_string\"}}],\"inLanguage\":\"es\"}]}<\/script>\n<!-- \/ Yoast SEO plugin. -->","yoast_head_json":{"title":"SEGUROS - Sim\u00f3n Asesores","robots":{"index":"index","follow":"follow","max-snippet":"max-snippet:-1","max-image-preview":"max-image-preview:large","max-video-preview":"max-video-preview:-1"},"canonical":"https:\/\/www.simonasesores.es\/index.php\/about-us-2\/","og_locale":"es_ES","og_type":"article","og_title":"SEGUROS - Sim\u00f3n Asesores","og_description":"SEGUROS Protecci\u00f3n personal: Seguros de Asistencia Sanitaria Salud Seguros Incapacidad Laboral Transitoria ILT Seguros de Hospitalizaci\u00f3n Prevenci\u00f3n Seguros de Vida","og_url":"https:\/\/www.simonasesores.es\/index.php\/about-us-2\/","og_site_name":"Sim\u00f3n Asesores","article_modified_time":"2023-09-28T11:41:04+00:00","og_image":[{"url":"https:\/\/www.simonasesores.es\/wp-content\/uploads\/elementor\/thumbs\/balanza-p6zzpwasebd8alvdyz3lp5rssau0xsvmvmd9xd0spo.png","type":"","width":"","height":""}],"twitter_card":"summary_large_image","twitter_misc":{"Tiempo de lectura":"2 minutos"},"schema":{"@context":"https:\/\/schema.org","@graph":[{"@type":"WebPage","@id":"https:\/\/www.simonasesores.es\/index.php\/about-us-2\/","url":"https:\/\/www.simonasesores.es\/index.php\/about-us-2\/","name":"SEGUROS - Sim\u00f3n Asesores","isPartOf":{"@id":"https:\/\/www.simonasesores.es\/#website"},"primaryImageOfPage":{"@id":"https:\/\/www.simonasesores.es\/index.php\/about-us-2\/#primaryimage"},"image":{"@id":"https:\/\/www.simonasesores.es\/index.php\/about-us-2\/#primaryimage"},"thumbnailUrl":"https:\/\/www.simonasesores.es\/wp-content\/uploads\/elementor\/thumbs\/balanza-p6zzpwasebd8alvdyz3lp5rssau0xsvmvmd9xd0spo.png","datePublished":"2017-07-13T07:19:33+00:00","dateModified":"2023-09-28T11:41:04+00:00","breadcrumb":{"@id":"https:\/\/www.simonasesores.es\/index.php\/about-us-2\/#breadcrumb"},"inLanguage":"es","potentialAction":[{"@type":"ReadAction","target":["https:\/\/www.simonasesores.es\/index.php\/about-us-2\/"]}]},{"@type":"ImageObject","inLanguage":"es","@id":"https:\/\/www.simonasesores.es\/index.php\/about-us-2\/#primaryimage","url":"https:\/\/www.simonasesores.es\/wp-content\/uploads\/elementor\/thumbs\/balanza-p6zzpwasebd8alvdyz3lp5rssau0xsvmvmd9xd0spo.png","contentUrl":"https:\/\/www.simonasesores.es\/wp-content\/uploads\/elementor\/thumbs\/balanza-p6zzpwasebd8alvdyz3lp5rssau0xsvmvmd9xd0spo.png"},{"@type":"BreadcrumbList","@id":"https:\/\/www.simonasesores.es\/index.php\/about-us-2\/#breadcrumb","itemListElement":[{"@type":"ListItem","position":1,"name":"Home","item":"https:\/\/www.simonasesores.es\/"},{"@type":"ListItem","position":2,"name":"SEGUROS"}]},{"@type":"WebSite","@id":"https:\/\/www.simonasesores.es\/#website","url":"https:\/\/www.simonasesores.es\/","name":"Sim\u00f3n Asesores","description":"Asesores de seguros","potentialAction":[{"@type":"SearchAction","target":{"@type":"EntryPoint","urlTemplate":"https:\/\/www.simonasesores.es\/?s={search_term_string}"},"query-input":{"@type":"PropertyValueSpecification","valueRequired":true,"valueName":"search_term_string"}}],"inLanguage":"es"}]}},"_links":{"self":[{"href":"https:\/\/www.simonasesores.es\/index.php\/wp-json\/wp\/v2\/pages\/850","targetHints":{"allow":["GET"]}}],"collection":[{"href":"https:\/\/www.simonasesores.es\/index.php\/wp-json\/wp\/v2\/pages"}],"about":[{"href":"https:\/\/www.simonasesores.es\/index.php\/wp-json\/wp\/v2\/types\/page"}],"author":[{"embeddable":true,"href":"https:\/\/www.simonasesores.es\/index.php\/wp-json\/wp\/v2\/users\/1"}],"replies":[{"embeddable":true,"href":"https:\/\/www.simonasesores.es\/index.php\/wp-json\/wp\/v2\/comments?post=850"}],"version-history":[{"count":34,"href":"https:\/\/www.simonasesores.es\/index.php\/wp-json\/wp\/v2\/pages\/850\/revisions"}],"predecessor-version":[{"id":10182,"href":"https:\/\/www.simonasesores.es\/index.php\/wp-json\/wp\/v2\/pages\/850\/revisions\/10182"}],"wp:attachment":[{"href":"https:\/\/www.simonasesores.es\/index.php\/wp-json\/wp\/v2\/media?parent=850"}],"curies":[{"name":"wp","href":"https:\/\/api.w.org\/{rel}","templated":true}]}}